{"id":122,"date":"2021-10-18T09:17:09","date_gmt":"2021-10-18T09:17:09","guid":{"rendered":"http:\/\/mmtk.hu\/?page_id=122"},"modified":"2021-10-18T09:20:49","modified_gmt":"2021-10-18T09:20:49","slug":"palyazat","status":"publish","type":"page","link":"http:\/\/mmtk.hu\/?page_id=122","title":{"rendered":"P\u00e1ly\u00e1zat"},"content":{"rendered":"\n<p class=\"has-large-font-size\"><strong>A M\u00e1t\u00e9szalkai MTK sportg\u00e1l\u00e1ja \u2013 Rendezv\u00e9nysorozat a centen\u00e1rium jegy\u00e9ben<\/strong><\/p>\n\n\n\n<p class=\"has-medium-font-size\"><strong>TOP-7.1.1-16-H-ESZA-2019-00623<\/strong><\/p>\n\n\n\n<p>Kedvezm\u00e9nyezett: <strong>M\u00e1t\u00e9szalkai Munk\u00e1s Testgyakorl\u00f3k K\u00f6re<\/strong><\/p>\n\n\n\n<p>T\u00e1mogat\u00e1s \u00f6sszege: 3&nbsp;000&nbsp;000 Ft&nbsp;&nbsp;&nbsp;&nbsp;&nbsp;&nbsp;&nbsp;&nbsp;&nbsp;&nbsp;&nbsp;&nbsp;&nbsp;&nbsp;&nbsp;&nbsp;&nbsp;&nbsp;&nbsp;&nbsp;&nbsp;&nbsp;&nbsp;&nbsp;&nbsp;&nbsp;&nbsp;&nbsp;&nbsp;&nbsp;&nbsp;&nbsp;&nbsp;&nbsp;&nbsp;&nbsp;&nbsp;&nbsp;&nbsp;&nbsp;&nbsp;&nbsp;&nbsp;&nbsp;&nbsp;&nbsp;&nbsp;&nbsp;&nbsp;&nbsp;&nbsp;&nbsp;&nbsp;&nbsp;&nbsp;&nbsp;&nbsp;&nbsp;&nbsp;&nbsp;&nbsp;&nbsp;&nbsp;&nbsp;&nbsp;&nbsp;&nbsp;&nbsp;&nbsp;&nbsp;&nbsp;&nbsp;&nbsp;&nbsp;&nbsp;&nbsp;&nbsp;&nbsp;&nbsp;&nbsp;&nbsp;&nbsp;&nbsp;&nbsp;&nbsp;&nbsp;&nbsp;&nbsp;&nbsp;&nbsp;&nbsp;&nbsp;&nbsp;&nbsp;&nbsp;&nbsp;&nbsp;&nbsp;&nbsp;&nbsp;&nbsp;&nbsp;&nbsp; <a><\/a><\/p>\n\n\n\n<p>T\u00e1mogat\u00e1s m\u00e9rt\u00e9ke: 100 %<\/p>\n\n\n\n<p><strong><u>A projekt r\u00f6vid bemutat\u00e1sa:&nbsp;<\/u><\/strong><\/p>\n\n\n\n<p>M\u00e1t\u00e9szalka azon kev\u00e9s vid\u00e9ki v\u00e1ros k\u00f6z\u00e9 tartozik, amely egy 100 \u00e9ves sportegyes\u00fclettel b\u00fcszk\u00e9lkedhet. 1919-ben alap\u00edtott\u00e1k meg a M\u00e1t\u00e9szalkai Munk\u00e1s Testgyakorl\u00f3k k\u00f6r\u00e9t, amely az\u00f3ta is t\u00f6bb sport\u00e1gban megyei \u00e9s orsz\u00e1gos, s\u0151t n\u00e9h\u00e1ny innen indul\u00f3 v\u00e1logatott, nemzetk\u00f6zi szinten is jegyzett j\u00e1t\u00e9kos r\u00e9v\u00e9n \u00f6regb\u00edtette a v\u00e1ros h\u00edrnev\u00e9t.&nbsp;<\/p>\n\n\n\n<p>Hagyom\u00e1nyteremt\u0151 c\u00e9llal, a centen\u00e1riumi \u00fcnneps\u00e9gsorozatok r\u00e9szek\u00e9nt ker\u00fclne megrendez\u00e9sre els\u0151 alkalommal egy szakmai rendezv\u00e9nyekkel b\u0151v\u00edtett sportg\u00e1la. A nyolc szakoszt\u00e1ly besz\u00e1mol a munk\u00e1j\u00e1r\u00f3l, eredm\u00e9nyeir\u0151l, a legeredm\u00e9nyesebb sportol\u00f3k pedig \u00fcnnep\u00e9lyes keretek k\u00f6z\u00f6tt vehetik \u00e1t elismer\u00e9seiket. \u0150k szem\u00e9lyes p\u00e9ld\u00e1jukkal mutathatj\u00e1k meg kort\u00e1rsaiknak, hogy a kitart\u00f3, fegyelmezett munka meghozza a gy\u00fcm\u00f6lcs\u00e9t. Ez a p\u00e9ldamutat\u00e1s k\u00fcl\u00f6n\u00f6sen fontos a gyerekeknek, a fiataloknak, akiknek a sport r\u00e9v\u00e9n ny\u00edlhat ki a vil\u00e1g, tal\u00e1lhatnak tartalmas elfoglalts\u00e1got, s\u0151t sokuk sz\u00e1m\u00e1ra ez \u201ekit\u00f6r\u00e9si\u201d lehet\u0151s\u00e9get is adhat.<\/p>\n\n\n\n<p>Egy ilyen rendezv\u00e9ny k\u00f6zelebb hozza a legt\u00f6bb esetben egym\u00e1st\u00f3l elszigetelten dolgoz\u00f3 szakoszt\u00e1lyok sportol\u00f3it, munkat\u00e1rsait, er\u0151s\u00edti egy nagyobb k\u00f6z\u00f6ss\u00e9ghez, az MMTK nagy csal\u00e1dj\u00e1hoz val\u00f3 tartoz\u00e1s \u00e9lm\u00e9ny\u00e9t. Az egykori MMTK sportol\u00f3k szem\u00e9lyesen mes\u00e9lhetnek az MMTK -hoz k\u00f6t\u0151d\u0151 \u00e9lm\u00e9nyeikr\u0151l, eml\u00e9keikr\u0151l a klub jelenlegi sportol\u00f3inak, \u00e9s az \u0151ket elk\u00eds\u00e9r\u0151 gyerekeik, unok\u00e1ik szem\u00e9ly\u00e9ben m\u00e1r az \u201eut\u00e1np\u00f3tl\u00e1s\u201d is ismerkedhet a klubban foly\u00f3 munk\u00e1val, szellemis\u00e9ggel.&nbsp;&nbsp;&nbsp;&nbsp;&nbsp;&nbsp;&nbsp;&nbsp;&nbsp;&nbsp;&nbsp;<\/p>\n\n\n\n<p>A k\u00eds\u00e9r\u0151 rendezv\u00e9nyek (bemutat\u00f3k, besz\u00e9lget\u00e9sek) r\u00e9v\u00e9n a v\u00e1ros lakoss\u00e1ga jobban bepillanthat az MMTK \u2013n\u00e1l foly\u00f3 szakmai munk\u00e1ba, az elm\u00falt sz\u00e1z \u00e9vet bemutat\u00f3 eml\u00e9kki\u00e1ll\u00edt\u00e1s pedig a m\u00faltat id\u00e9zi meg az \u00e9rdekl\u0151d\u0151k sz\u00e1m\u00e1ra.\u00a0<\/p>\n\n\n\n<div class=\"wp-block-image\"><figure class=\"alignright size-medium\"><img loading=\"lazy\" width=\"300\" height=\"208\" src=\"http:\/\/mmtk.hu\/wp-content\/uploads\/2021\/10\/szechenyiterv-300x208.jpg\" alt=\"\" class=\"wp-image-114\" srcset=\"http:\/\/mmtk.hu\/wp-content\/uploads\/2021\/10\/szechenyiterv-300x208.jpg 300w, http:\/\/mmtk.hu\/wp-content\/uploads\/2021\/10\/szechenyiterv.jpg 435w\" sizes=\"(max-width: 300px) 100vw, 300px\" \/><\/figure><\/div>\n","protected":false},"excerpt":{"rendered":"<p>A M\u00e1t\u00e9szalkai MTK sportg\u00e1l\u00e1ja \u2013 Rendezv\u00e9nysorozat a centen\u00e1rium jegy\u00e9ben TOP-7.1.1-16-H-ESZA-2019-00623 Kedvezm\u00e9nyezett: M\u00e1t\u00e9szalkai Munk\u00e1s Testgyakorl\u00f3k K\u00f6re T\u00e1mogat\u00e1s \u00f6sszege: 3&nbsp;000&nbsp;000 Ft&nbsp;&nbsp;&nbsp;&nbsp;&nbsp;&nbsp;&nbsp;&nbsp;&nbsp;&nbsp;&nbsp;&nbsp;&nbsp;&nbsp;&nbsp;&nbsp;&nbsp;&nbsp;&nbsp;&nbsp;&nbsp;&nbsp;&nbsp;&nbsp;&nbsp;&nbsp;&nbsp;&nbsp;&nbsp;&nbsp;&nbsp;&nbsp;&nbsp;&nbsp;&nbsp;&nbsp;&nbsp;&nbsp;&nbsp;&nbsp;&nbsp;&nbsp;&nbsp;&nbsp;&nbsp;&nbsp;&nbsp;&nbsp;&nbsp;&nbsp;&nbsp;&nbsp;&nbsp;&nbsp;&nbsp;&nbsp;&nbsp;&nbsp;&nbsp;&nbsp;&nbsp;&nbsp;&nbsp;&nbsp;&nbsp;&nbsp;&nbsp;&nbsp;&nbsp;&nbsp;&nbsp;&nbsp;&nbsp;&nbsp;&nbsp;&nbsp;&nbsp;&nbsp;&nbsp;&nbsp;&nbsp;&nbsp;&nbsp;&nbsp;&nbsp;&nbsp;&nbsp;&nbsp;&nbsp;&nbsp;&nbsp;&nbsp;&nbsp;&nbsp;&nbsp;&nbsp;&nbsp;&nbsp;&nbsp;&nbsp;&nbsp;&nbsp;&nbsp; T\u00e1mogat\u00e1s m\u00e9rt\u00e9ke: 100 % A projekt r\u00f6vid bemutat\u00e1sa:&nbsp; M\u00e1t\u00e9szalka azon kev\u00e9s vid\u00e9ki v\u00e1ros k\u00f6z\u00e9 tartozik, amely egy 100 \u00e9ves sportegyes\u00fclettel b\u00fcszk\u00e9lkedhet. 1919-ben alap\u00edtott\u00e1k meg a M\u00e1t\u00e9szalkai Munk\u00e1s Testgyakorl\u00f3k k\u00f6r\u00e9t, amely az\u00f3ta<\/p>\n","protected":false},"author":1,"featured_media":0,"parent":0,"menu_order":0,"comment_status":"closed","ping_status":"closed","template":"","meta":{"_monsterinsights_skip_tracking":false,"_monsterinsights_sitenote_active":false,"_monsterinsights_sitenote_note":"","_monsterinsights_sitenote_category":0},"yoast_head":"<!-- This site is optimized with the Yoast SEO plugin v17.3 - https:\/\/yoast.com\/wordpress\/plugins\/seo\/ -->\n<title>P\u00e1ly\u00e1zat - MMTK<\/title>\n<meta name=\"robots\" content=\"index, follow, max-snippet:-1, max-image-preview:large, max-video-preview:-1\" \/>\n<link rel=\"canonical\" href=\"http:\/\/mmtk.hu\/?page_id=122\" \/>\n<meta property=\"og:locale\" content=\"hu_HU\" \/>\n<meta property=\"og:type\" content=\"article\" \/>\n<meta property=\"og:title\" content=\"P\u00e1ly\u00e1zat - MMTK\" \/>\n<meta property=\"og:description\" content=\"A M\u00e1t\u00e9szalkai MTK sportg\u00e1l\u00e1ja \u2013 Rendezv\u00e9nysorozat a centen\u00e1rium jegy\u00e9ben TOP-7.1.1-16-H-ESZA-2019-00623 Kedvezm\u00e9nyezett: M\u00e1t\u00e9szalkai Munk\u00e1s Testgyakorl\u00f3k K\u00f6re T\u00e1mogat\u00e1s \u00f6sszege: 3&nbsp;000&nbsp;000 Ft&nbsp;&nbsp;&nbsp;&nbsp;&nbsp;&nbsp;&nbsp;&nbsp;&nbsp;&nbsp;&nbsp;&nbsp;&nbsp;&nbsp;&nbsp;&nbsp;&nbsp;&nbsp;&nbsp;&nbsp;&nbsp;&nbsp;&nbsp;&nbsp;&nbsp;&nbsp;&nbsp;&nbsp;&nbsp;&nbsp;&nbsp;&nbsp;&nbsp;&nbsp;&nbsp;&nbsp;&nbsp;&nbsp;&nbsp;&nbsp;&nbsp;&nbsp;&nbsp;&nbsp;&nbsp;&nbsp;&nbsp;&nbsp;&nbsp;&nbsp;&nbsp;&nbsp;&nbsp;&nbsp;&nbsp;&nbsp;&nbsp;&nbsp;&nbsp;&nbsp;&nbsp;&nbsp;&nbsp;&nbsp;&nbsp;&nbsp;&nbsp;&nbsp;&nbsp;&nbsp;&nbsp;&nbsp;&nbsp;&nbsp;&nbsp;&nbsp;&nbsp;&nbsp;&nbsp;&nbsp;&nbsp;&nbsp;&nbsp;&nbsp;&nbsp;&nbsp;&nbsp;&nbsp;&nbsp;&nbsp;&nbsp;&nbsp;&nbsp;&nbsp;&nbsp;&nbsp;&nbsp;&nbsp;&nbsp;&nbsp;&nbsp;&nbsp;&nbsp; T\u00e1mogat\u00e1s m\u00e9rt\u00e9ke: 100 % A projekt r\u00f6vid bemutat\u00e1sa:&nbsp; M\u00e1t\u00e9szalka azon kev\u00e9s vid\u00e9ki v\u00e1ros k\u00f6z\u00e9 tartozik, amely egy 100 \u00e9ves sportegyes\u00fclettel b\u00fcszk\u00e9lkedhet. 1919-ben alap\u00edtott\u00e1k meg a M\u00e1t\u00e9szalkai Munk\u00e1s Testgyakorl\u00f3k k\u00f6r\u00e9t, amely az\u00f3ta\" \/>\n<meta property=\"og:url\" content=\"http:\/\/mmtk.hu\/?page_id=122\" \/>\n<meta property=\"og:site_name\" content=\"MMTK\" \/>\n<meta property=\"article:modified_time\" content=\"2021-10-18T09:20:49+00:00\" \/>\n<meta property=\"og:image\" content=\"http:\/\/mmtk.hu\/wp-content\/uploads\/2021\/10\/szechenyiterv-300x208.jpg\" \/>\n<meta name=\"twitter:card\" content=\"summary_large_image\" \/>\n<meta name=\"twitter:label1\" content=\"Becs\u00fclt olvas\u00e1si id\u0151\" \/>\n\t<meta name=\"twitter:data1\" content=\"2 perc\" \/>\n<script type=\"application\/ld+json\" class=\"yoast-schema-graph\">{\"@context\":\"https:\/\/schema.org\",\"@graph\":[{\"@type\":\"WebSite\",\"@id\":\"http:\/\/mmtk.hu\/#website\",\"url\":\"http:\/\/mmtk.hu\/\",\"name\":\"MMTK\",\"description\":\"M\\u00e1t\\u00e9szalkai Munk\\u00e1s Testgyakorl\\u00f3k K\\u00f6re\",\"potentialAction\":[{\"@type\":\"SearchAction\",\"target\":{\"@type\":\"EntryPoint\",\"urlTemplate\":\"http:\/\/mmtk.hu\/?s={search_term_string}\"},\"query-input\":\"required name=search_term_string\"}],\"inLanguage\":\"hu\"},{\"@type\":\"ImageObject\",\"@id\":\"http:\/\/mmtk.hu\/?page_id=122#primaryimage\",\"inLanguage\":\"hu\",\"url\":\"http:\/\/mmtk.hu\/wp-content\/uploads\/2021\/10\/szechenyiterv.jpg\",\"contentUrl\":\"http:\/\/mmtk.hu\/wp-content\/uploads\/2021\/10\/szechenyiterv.jpg\",\"width\":435,\"height\":302},{\"@type\":\"WebPage\",\"@id\":\"http:\/\/mmtk.hu\/?page_id=122#webpage\",\"url\":\"http:\/\/mmtk.hu\/?page_id=122\",\"name\":\"P\\u00e1ly\\u00e1zat - MMTK\",\"isPartOf\":{\"@id\":\"http:\/\/mmtk.hu\/#website\"},\"primaryImageOfPage\":{\"@id\":\"http:\/\/mmtk.hu\/?page_id=122#primaryimage\"},\"datePublished\":\"2021-10-18T09:17:09+00:00\",\"dateModified\":\"2021-10-18T09:20:49+00:00\",\"breadcrumb\":{\"@id\":\"http:\/\/mmtk.hu\/?page_id=122#breadcrumb\"},\"inLanguage\":\"hu\",\"potentialAction\":[{\"@type\":\"ReadAction\",\"target\":[\"http:\/\/mmtk.hu\/?page_id=122\"]}]},{\"@type\":\"BreadcrumbList\",\"@id\":\"http:\/\/mmtk.hu\/?page_id=122#breadcrumb\",\"itemListElement\":[{\"@type\":\"ListItem\",\"position\":1,\"name\":\"Kezd\\u0151lap\",\"item\":\"http:\/\/mmtk.hu\/\"},{\"@type\":\"ListItem\",\"position\":2,\"name\":\"P\\u00e1ly\\u00e1zat\"}]}]}<\/script>\n<!-- \/ Yoast SEO plugin. -->","yoast_head_json":{"title":"P\u00e1ly\u00e1zat - MMTK","robots":{"index":"index","follow":"follow","max-snippet":"max-snippet:-1","max-image-preview":"max-image-preview:large","max-video-preview":"max-video-preview:-1"},"canonical":"http:\/\/mmtk.hu\/?page_id=122","og_locale":"hu_HU","og_type":"article","og_title":"P\u00e1ly\u00e1zat - MMTK","og_description":"A M\u00e1t\u00e9szalkai MTK sportg\u00e1l\u00e1ja \u2013 Rendezv\u00e9nysorozat a centen\u00e1rium jegy\u00e9ben TOP-7.1.1-16-H-ESZA-2019-00623 Kedvezm\u00e9nyezett: M\u00e1t\u00e9szalkai Munk\u00e1s Testgyakorl\u00f3k K\u00f6re T\u00e1mogat\u00e1s \u00f6sszege: 3&nbsp;000&nbsp;000 Ft&nbsp;&nbsp;&nbsp;&nbsp;&nbsp;&nbsp;&nbsp;&nbsp;&nbsp;&nbsp;&nbsp;&nbsp;&nbsp;&nbsp;&nbsp;&nbsp;&nbsp;&nbsp;&nbsp;&nbsp;&nbsp;&nbsp;&nbsp;&nbsp;&nbsp;&nbsp;&nbsp;&nbsp;&nbsp;&nbsp;&nbsp;&nbsp;&nbsp;&nbsp;&nbsp;&nbsp;&nbsp;&nbsp;&nbsp;&nbsp;&nbsp;&nbsp;&nbsp;&nbsp;&nbsp;&nbsp;&nbsp;&nbsp;&nbsp;&nbsp;&nbsp;&nbsp;&nbsp;&nbsp;&nbsp;&nbsp;&nbsp;&nbsp;&nbsp;&nbsp;&nbsp;&nbsp;&nbsp;&nbsp;&nbsp;&nbsp;&nbsp;&nbsp;&nbsp;&nbsp;&nbsp;&nbsp;&nbsp;&nbsp;&nbsp;&nbsp;&nbsp;&nbsp;&nbsp;&nbsp;&nbsp;&nbsp;&nbsp;&nbsp;&nbsp;&nbsp;&nbsp;&nbsp;&nbsp;&nbsp;&nbsp;&nbsp;&nbsp;&nbsp;&nbsp;&nbsp;&nbsp;&nbsp;&nbsp;&nbsp;&nbsp;&nbsp;&nbsp; T\u00e1mogat\u00e1s m\u00e9rt\u00e9ke: 100 % A projekt r\u00f6vid bemutat\u00e1sa:&nbsp; M\u00e1t\u00e9szalka azon kev\u00e9s vid\u00e9ki v\u00e1ros k\u00f6z\u00e9 tartozik, amely egy 100 \u00e9ves sportegyes\u00fclettel b\u00fcszk\u00e9lkedhet. 1919-ben alap\u00edtott\u00e1k meg a M\u00e1t\u00e9szalkai Munk\u00e1s Testgyakorl\u00f3k k\u00f6r\u00e9t, amely az\u00f3ta","og_url":"http:\/\/mmtk.hu\/?page_id=122","og_site_name":"MMTK","article_modified_time":"2021-10-18T09:20:49+00:00","og_image":[{"url":"http:\/\/mmtk.hu\/wp-content\/uploads\/2021\/10\/szechenyiterv-300x208.jpg"}],"twitter_card":"summary_large_image","twitter_misc":{"Becs\u00fclt olvas\u00e1si id\u0151":"2 perc"},"schema":{"@context":"https:\/\/schema.org","@graph":[{"@type":"WebSite","@id":"http:\/\/mmtk.hu\/#website","url":"http:\/\/mmtk.hu\/","name":"MMTK","description":"M\u00e1t\u00e9szalkai Munk\u00e1s Testgyakorl\u00f3k K\u00f6re","potentialAction":[{"@type":"SearchAction","target":{"@type":"EntryPoint","urlTemplate":"http:\/\/mmtk.hu\/?s={search_term_string}"},"query-input":"required name=search_term_string"}],"inLanguage":"hu"},{"@type":"ImageObject","@id":"http:\/\/mmtk.hu\/?page_id=122#primaryimage","inLanguage":"hu","url":"http:\/\/mmtk.hu\/wp-content\/uploads\/2021\/10\/szechenyiterv.jpg","contentUrl":"http:\/\/mmtk.hu\/wp-content\/uploads\/2021\/10\/szechenyiterv.jpg","width":435,"height":302},{"@type":"WebPage","@id":"http:\/\/mmtk.hu\/?page_id=122#webpage","url":"http:\/\/mmtk.hu\/?page_id=122","name":"P\u00e1ly\u00e1zat - MMTK","isPartOf":{"@id":"http:\/\/mmtk.hu\/#website"},"primaryImageOfPage":{"@id":"http:\/\/mmtk.hu\/?page_id=122#primaryimage"},"datePublished":"2021-10-18T09:17:09+00:00","dateModified":"2021-10-18T09:20:49+00:00","breadcrumb":{"@id":"http:\/\/mmtk.hu\/?page_id=122#breadcrumb"},"inLanguage":"hu","potentialAction":[{"@type":"ReadAction","target":["http:\/\/mmtk.hu\/?page_id=122"]}]},{"@type":"BreadcrumbList","@id":"http:\/\/mmtk.hu\/?page_id=122#breadcrumb","itemListElement":[{"@type":"ListItem","position":1,"name":"Kezd\u0151lap","item":"http:\/\/mmtk.hu\/"},{"@type":"ListItem","position":2,"name":"P\u00e1ly\u00e1zat"}]}]}},"_links":{"self":[{"href":"http:\/\/mmtk.hu\/index.php?rest_route=\/wp\/v2\/pages\/122"}],"collection":[{"href":"http:\/\/mmtk.hu\/index.php?rest_route=\/wp\/v2\/pages"}],"about":[{"href":"http:\/\/mmtk.hu\/index.php?rest_route=\/wp\/v2\/types\/page"}],"author":[{"embeddable":true,"href":"http:\/\/mmtk.hu\/index.php?rest_route=\/wp\/v2\/users\/1"}],"replies":[{"embeddable":true,"href":"http:\/\/mmtk.hu\/index.php?rest_route=%2Fwp%2Fv2%2Fcomments&post=122"}],"version-history":[{"count":2,"href":"http:\/\/mmtk.hu\/index.php?rest_route=\/wp\/v2\/pages\/122\/revisions"}],"predecessor-version":[{"id":127,"href":"http:\/\/mmtk.hu\/index.php?rest_route=\/wp\/v2\/pages\/122\/revisions\/127"}],"wp:attachment":[{"href":"http:\/\/mmtk.hu\/index.php?rest_route=%2Fwp%2Fv2%2Fmedia&parent=122"}],"curies":[{"name":"wp","href":"https:\/\/api.w.org\/{rel}","templated":true}]}}